{"id":162,"date":"2017-02-13T09:44:59","date_gmt":"2017-02-13T09:44:59","guid":{"rendered":"http:\/\/gorska-notariusz.pl\/?page_id=162"},"modified":"2019-02-08T12:28:42","modified_gmt":"2019-02-08T12:28:42","slug":"czynnosci","status":"publish","type":"page","link":"https:\/\/gorska-notariusz.pl\/?page_id=162","title":{"rendered":"Czynno\u015bci"},"content":{"rendered":"<p>[et_pb_section bb_built=&#8221;1&#8243; fullwidth=&#8221;on&#8221; specialty=&#8221;off&#8221; transparent_background=&#8221;off&#8221; allow_player_pause=&#8221;off&#8221; inner_shadow=&#8221;off&#8221; parallax=&#8221;off&#8221; parallax_method=&#8221;off&#8221; custom_padding=&#8221;0px|||&#8221; make_fullwidth=&#8221;off&#8221; use_custom_width=&#8221;off&#8221; width_unit=&#8221;on&#8221; make_equal=&#8221;off&#8221; use_custom_gutter=&#8221;off&#8221; prev_background_color=&#8221;#000000&#8243; next_background_color=&#8221;#ffffff&#8221;][et_pb_fullwidth_image src=&#8221;\/wp-content\/uploads\/2017\/02\/logong-pioro-prawa.jpg&#8221; use_border_color=&#8221;off&#8221; animation_style=&#8221;slide&#8221; animation_duration=&#8221;500ms&#8221; animation_intensity_slide=&#8221;10%&#8221; animation_direction=&#8221;left&#8221; _builder_version=&#8221;3.19.12&#8243;]<\/p>\n<p><\/p>\n<p>[\/et_pb_fullwidth_image][\/et_pb_section][et_pb_section bb_built=&#8221;1&#8243; admin_label=&#8221;section&#8221; prev_background_color=&#8221;#000000&#8243;][et_pb_row admin_label=&#8221;row&#8221; background_position=&#8221;top_left&#8221; background_repeat=&#8221;repeat&#8221; background_size=&#8221;initial&#8221;][et_pb_column type=&#8221;4_4&#8243;][et_pb_text background_position=&#8221;top_left&#8221; background_repeat=&#8221;repeat&#8221; background_size=&#8221;initial&#8221;]<\/p>\n<p>\nZgodnie z art 79 ustawy z dnia 14 lutego 1991 r. \u2013 Prawo o notariacie, notariusz:<\/p>\n<ol>\n<li>sporz\u0105dza akty notarialne;<\/li>\n<li>sporz\u0105dza akty po\u015bwiadczenia dziedziczenia;<\/li>\n<li>sporz\u0105dza po\u015bwiadczenia;<\/li>\n<li>dor\u0119cza o\u015bwiadczenia;<\/li>\n<li>spisuje protoko\u0142y;<\/li>\n<li>sporz\u0105dza protesty weksli i czek\u00f3w;<\/li>\n<li>przyjmuje na przechowanie pieni\u0105dze, papiery warto\u015bciowe, dokumenty, dane na informatycznym no\u015bniku danych, o kt\u00f3rym mowa w przepisach o informatyzacji dzia\u0142alno\u015bci podmiot\u00f3w realizuj\u0105cych zadania publiczne;<\/li>\n<li>sporz\u0105dza wypisy, odpisy i wyci\u0105gi dokument\u00f3w;<\/li>\n<li>sporz\u0105dza, na \u017c\u0105danie stron, projekty akt\u00f3w, o\u015bwiadcze\u0144 i innych dokument\u00f3w.<\/li>\n<\/ol>\n<p>[\/et_pb_text][\/et_pb_column][\/et_pb_row][\/et_pb_section]<\/p>\n","protected":false},"excerpt":{"rendered":"<p>[et_pb_section bb_built=&#8221;1&#8243; fullwidth=&#8221;on&#8221; specialty=&#8221;off&#8221; transparent_background=&#8221;off&#8221; allow_player_pause=&#8221;off&#8221; inner_shadow=&#8221;off&#8221; parallax=&#8221;off&#8221; parallax_method=&#8221;off&#8221; custom_padding=&#8221;0px|||&#8221; make_fullwidth=&#8221;off&#8221; use_custom_width=&#8221;off&#8221; width_unit=&#8221;on&#8221; make_equal=&#8221;off&#8221; use_custom_gutter=&#8221;off&#8221; prev_background_color=&#8221;#000000&#8243; next_background_color=&#8221;#ffffff&#8221;][et_pb_fullwidth_image src=&#8221;\/wp-content\/uploads\/2017\/02\/logong-pioro-prawa.jpg&#8221; use_border_color=&#8221;off&#8221; animation_style=&#8221;slide&#8221; animation_duration=&#8221;500ms&#8221; animation_intensity_slide=&#8221;10%&#8221; animation_direction=&#8221;left&#8221; _builder_version=&#8221;3.19.12&#8243;] [\/et_pb_fullwidth_image][\/et_pb_section][et_pb_section bb_built=&#8221;1&#8243; admin_label=&#8221;section&#8221; prev_background_color=&#8221;#000000&#8243;][et_pb_row admin_label=&#8221;row&#8221; background_position=&#8221;top_left&#8221; background_repeat=&#8221;repeat&#8221; background_size=&#8221;initial&#8221;][et_pb_column type=&#8221;4_4&#8243;][et_pb_text background_position=&#8221;top_left&#8221; background_repeat=&#8221;repeat&#8221; background_size=&#8221;initial&#8221;] Zgodnie z art 79 ustawy z dnia 14 lutego 1991 r. \u2013 Prawo o notariacie, notariusz: sporz\u0105dza akty notarialne; [&hellip;]<\/p>\n","protected":false},"author":1,"featured_media":0,"parent":0,"menu_order":0,"comment_status":"closed","ping_status":"closed","template":"","meta":{"_et_pb_use_builder":"on","_et_pb_old_content":"<p>Zgodnie z art 79 ustawy z dnia 14 lutego 1991 r. \u2013 Prawo o notariacie, notariusz:<\/p><ol><li>sporz\u0105dza akty notarialne;<\/li><li>sporz\u0105dza akty po\u015bwiadczenia dziedziczenia;<\/li><li>sporz\u0105dza po\u015bwiadczenia;<\/li><li>dor\u0119cza o\u015bwiadczenia;<\/li><li>spisuje protoko\u0142y;<\/li><li>sporz\u0105dza protesty weksli i czek\u00f3w;<\/li><li>przyjmuje na przechowanie pieni\u0105dze, papiery warto\u015bciowe, dokumenty, dane na informatycznym no\u015bniku danych, o kt\u00f3rym mowa w przepisach o informatyzacji dzia\u0142alno\u015bci podmiot\u00f3w realizuj\u0105cych zadania publiczne;<\/li><li>sporz\u0105dza wypisy, odpisy i wyci\u0105gi dokument\u00f3w;<\/li><li>sporz\u0105dza, na \u017c\u0105danie stron, projekty akt\u00f3w, o\u015bwiadcze\u0144 i innych dokument\u00f3w.<\/li><\/ol>","_et_gb_content_width":"","footnotes":""},"class_list":["post-162","page","type-page","status-publish","hentry"],"aioseo_notices":[],"_links":{"self":[{"href":"https:\/\/gorska-notariusz.pl\/index.php?rest_route=\/wp\/v2\/pages\/162","targetHints":{"allow":["GET"]}}],"collection":[{"href":"https:\/\/gorska-notariusz.pl\/index.php?rest_route=\/wp\/v2\/pages"}],"about":[{"href":"https:\/\/gorska-notariusz.pl\/index.php?rest_route=\/wp\/v2\/types\/page"}],"author":[{"embeddable":true,"href":"https:\/\/gorska-notariusz.pl\/index.php?rest_route=\/wp\/v2\/users\/1"}],"replies":[{"embeddable":true,"href":"https:\/\/gorska-notariusz.pl\/index.php?rest_route=%2Fwp%2Fv2%2Fcomments&post=162"}],"version-history":[{"count":7,"href":"https:\/\/gorska-notariusz.pl\/index.php?rest_route=\/wp\/v2\/pages\/162\/revisions"}],"predecessor-version":[{"id":458,"href":"https:\/\/gorska-notariusz.pl\/index.php?rest_route=\/wp\/v2\/pages\/162\/revisions\/458"}],"wp:attachment":[{"href":"https:\/\/gorska-notariusz.pl\/index.php?rest_route=%2Fwp%2Fv2%2Fmedia&parent=162"}],"curies":[{"name":"wp","href":"https:\/\/api.w.org\/{rel}","templated":true}]}}