{"id":182,"date":"2017-02-13T10:03:12","date_gmt":"2017-02-13T10:03:12","guid":{"rendered":"http:\/\/gorska-notariusz.pl\/?page_id=182"},"modified":"2022-12-08T16:04:47","modified_gmt":"2022-12-08T16:04:47","slug":"kontakt-2","status":"publish","type":"page","link":"https:\/\/gorska-notariusz.pl\/?page_id=182","title":{"rendered":"Kontakt"},"content":{"rendered":"<p>[et_pb_section fb_built=&#8221;1&#8243; fullwidth=&#8221;on&#8221; _builder_version=&#8221;3.22&#8243; custom_padding=&#8221;0px|||&#8221; transparent_background=&#8221;off&#8221; make_fullwidth=&#8221;off&#8221; use_custom_width=&#8221;off&#8221; width_unit=&#8221;on&#8221;][et_pb_fullwidth_image src=&#8221;\/wp-content\/uploads\/2017\/02\/logong-pioro-prawa.jpg&#8221; _builder_version=&#8221;3.19.12&#8243; animation_style=&#8221;slide&#8221; animation_direction=&#8221;left&#8221; animation_duration=&#8221;500ms&#8221; animation_intensity_slide=&#8221;10%&#8221; use_border_color=&#8221;off&#8221;]<br \/>\n[\/et_pb_fullwidth_image][\/et_pb_section][et_pb_section fb_built=&#8221;1&#8243; _builder_version=&#8221;3.22&#8243;][et_pb_row column_structure=&#8221;1_2,1_2&#8243; _builder_version=&#8221;3.25&#8243; background_size=&#8221;initial&#8221; background_position=&#8221;top_left&#8221; background_repeat=&#8221;repeat&#8221;][et_pb_column type=&#8221;1_2&#8243; _builder_version=&#8221;3.25&#8243; custom_padding=&#8221;|||&#8221; custom_padding__hover=&#8221;|||&#8221;][et_pb_text _builder_version=&#8221;4.4.2&#8243; background_size=&#8221;initial&#8221; background_position=&#8221;top_left&#8221; background_repeat=&#8221;repeat&#8221; use_border_color=&#8221;off&#8221; border_color=&#8221;#ffffff&#8221; border_style=&#8221;solid&#8221;]<\/p>\n<p><strong>Kancelaria Notarialna Notariusz Ewa G\u00f3rska<br \/><\/strong>ul. Wyspia\u0144skiego 33A<br \/>70-497 Szczecin<\/p>\n<p>tel.\/fax. <strong>91 88 121 99<\/strong><br \/>e-mail: <strong>kancelaria@gorska-notariusz.pl<\/strong><\/p>\n<p>Numer konta: 04 1540 1085 2098 6980 9241 0001<br \/>NIP 851 282 14 83<br \/>REGON 366411722<\/p>\n<p>Kancelaria jest czynna:<br \/><strong>poniedzia\u0142ek \u2013\u00a0pi\u0105tek od 9:00 do 16:00<br \/><\/strong>Inne godziny i terminy \u2013 po wcze\u015bniejszym telefonicznym uzgodnieniu.<\/p>\n<p>[\/et_pb_text][\/et_pb_column][et_pb_column type=&#8221;1_2&#8243; _builder_version=&#8221;3.25&#8243; custom_padding=&#8221;|||&#8221; custom_padding__hover=&#8221;|||&#8221;][et_pb_contact_form email=&#8221;kancelaria@gorska-notariusz.pl&#8221; title=&#8221;Zapytaj&#8221; success_message=&#8221;Wiadomo\u015b\u0107 wys\u0142ano&#8221; submit_button_text=&#8221;Wy\u015blij&#8221; _builder_version=&#8221;4.4.2&#8243; hover_enabled=&#8221;0&#8243; custom_message=&#8221;%%Name%%||et_pb_line_break_holder||||et_pb_line_break_holder||%%Email%%||et_pb_line_break_holder||||et_pb_line_break_holder||%%Message%%&#8221;][et_pb_contact_field field_id=&#8221;Name&#8221; field_title=&#8221;Imi\u0119 i nazwisko&#8221; _builder_version=&#8221;4.4.2&#8243; hover_enabled=&#8221;0&#8243;][\/et_pb_contact_field][et_pb_contact_field field_id=&#8221;Email&#8221; field_title=&#8221;Adres e-mail&#8221; field_type=&#8221;email&#8221; _builder_version=&#8221;4.4.2&#8243; hover_enabled=&#8221;0&#8243;][\/et_pb_contact_field][et_pb_contact_field field_id=&#8221;Message&#8221; field_title=&#8221;Wiadomo\u015b\u0107&#8221; field_type=&#8221;text&#8221; fullwidth_field=&#8221;on&#8221; _builder_version=&#8221;4.4.2&#8243; hover_enabled=&#8221;0&#8243;][\/et_pb_contact_field][\/et_pb_contact_form][\/et_pb_column][\/et_pb_row][et_pb_row column_structure=&#8221;1_2,1_2&#8243; _builder_version=&#8221;3.25&#8243; background_size=&#8221;initial&#8221; background_position=&#8221;top_left&#8221; background_repeat=&#8221;repeat&#8221;][et_pb_column type=&#8221;1_2&#8243; _builder_version=&#8221;3.25&#8243; custom_padding=&#8221;|||&#8221; custom_padding__hover=&#8221;|||&#8221;][et_pb_text disabled_on=&#8221;off|off|off&#8221; _builder_version=&#8221;4.4.2&#8243; background_size=&#8221;initial&#8221; background_position=&#8221;top_left&#8221; background_repeat=&#8221;repeat&#8221; custom_margin=&#8221;0px|||&#8221; hover_enabled=&#8221;0&#8243; use_border_color=&#8221;off&#8221; border_color=&#8221;#ffffff&#8221; border_style=&#8221;solid&#8221;]<iframe src=\"https:\/\/www.google.com\/maps\/embed?pb=!1m18!1m12!1m3!1d577.1713607868988!2d14.528966715189696!3d53.44459801821704!2m3!1f0!2f0!3f0!3m2!1i1024!2i768!4f13.1!3m3!1m2!1s0x47aa094edb3b730d%3A0xa9aa7ad5b5486974!2sStanis%C5%82awa%20Wyspia%C5%84skiego%2033A%2C%2071-899%20Szczecin!5e0!3m2!1spl!2spl!4v1670515313091!5m2!1spl!2spl\" width=\"600\" height=\"450\" style=\"border:0;\" allowfullscreen=\"\" loading=\"lazy\" referrerpolicy=\"no-referrer-when-downgrade\"><\/iframe>[\/et_pb_text][\/et_pb_column][et_pb_column type=&#8221;1_2&#8243; _builder_version=&#8221;3.25&#8243; custom_padding=&#8221;|||&#8221; custom_padding__hover=&#8221;|||&#8221;][et_pb_text _builder_version=&#8221;4.4.2&#8243; background_size=&#8221;initial&#8221; background_position=&#8221;top_left&#8221; background_repeat=&#8221;repeat&#8221; hover_enabled=&#8221;0&#8243; use_border_color=&#8221;off&#8221; border_color=&#8221;#ffffff&#8221; border_style=&#8221;solid&#8221;]<iframe src=\"https:\/\/www.google.com\/maps\/embed?pb=!4v1670515366727!6m8!1m7!1srx34l8TWoabigerDJxJKOw!2m2!1d53.4445084856952!2d14.52898065702865!3f79.39287798409126!4f-8.53021867010068!5f0.7820865974627469\" width=\"600\" height=\"450\" style=\"border:0;\" allowfullscreen=\"\" loading=\"lazy\" referrerpolicy=\"no-referrer-when-downgrade\"><\/iframe>[\/et_pb_text][\/et_pb_column][\/et_pb_row][\/et_pb_section]<\/p>\n","protected":false},"excerpt":{"rendered":"<p>[et_pb_section fb_built=&#8221;1&#8243; fullwidth=&#8221;on&#8221; _builder_version=&#8221;3.22&#8243; custom_padding=&#8221;0px|||&#8221; transparent_background=&#8221;off&#8221; make_fullwidth=&#8221;off&#8221; use_custom_width=&#8221;off&#8221; width_unit=&#8221;on&#8221;][et_pb_fullwidth_image src=&#8221;\/wp-content\/uploads\/2017\/02\/logong-pioro-prawa.jpg&#8221; _builder_version=&#8221;3.19.12&#8243; animation_style=&#8221;slide&#8221; animation_direction=&#8221;left&#8221; animation_duration=&#8221;500ms&#8221; animation_intensity_slide=&#8221;10%&#8221; use_border_color=&#8221;off&#8221;] [\/et_pb_fullwidth_image][\/et_pb_section][et_pb_section fb_built=&#8221;1&#8243; _builder_version=&#8221;3.22&#8243;][et_pb_row column_structure=&#8221;1_2,1_2&#8243; _builder_version=&#8221;3.25&#8243; background_size=&#8221;initial&#8221; background_position=&#8221;top_left&#8221; background_repeat=&#8221;repeat&#8221;][et_pb_column type=&#8221;1_2&#8243; _builder_version=&#8221;3.25&#8243; custom_padding=&#8221;|||&#8221; custom_padding__hover=&#8221;|||&#8221;][et_pb_text _builder_version=&#8221;4.4.2&#8243; background_size=&#8221;initial&#8221; background_position=&#8221;top_left&#8221; background_repeat=&#8221;repeat&#8221; use_border_color=&#8221;off&#8221; border_color=&#8221;#ffffff&#8221; border_style=&#8221;solid&#8221;] Kancelaria Notarialna Notariusz Ewa G\u00f3rskaul. Wyspia\u0144skiego 33A70-497 Szczecin tel.\/fax. 91 88 121 99e-mail: kancelaria@gorska-notariusz.pl Numer konta: 04 1540 1085 2098 [&hellip;]<\/p>\n","protected":false},"author":1,"featured_media":0,"parent":0,"menu_order":0,"comment_status":"closed","ping_status":"closed","template":"","meta":{"_et_pb_use_builder":"on","_et_pb_old_content":"<p><strong>Kancelaria Notarialna Notariusz Ewa G\u00f3rska<br \/> <\/strong>ul. Monte Cassino 16\/4, 70-466 Szczecin<\/p><p>tel.\/fax. <strong>91 88 121 99<\/strong><br \/> e-mail: <strong>kancelaria (at) gorska-notariusz.pl<\/strong><\/p><p>Numer konta: 04 1540 1085 2098 6980 9241 0001<br \/> NIP 851 282 14 83<br \/> REGON 366411722<\/p><p>Kancelaria jest czynna:<br \/> <strong>poniedzia\u0142ek \u2013\u00a0pi\u0105tek od 9:00 do 16:00<br \/> <\/strong>Inne godziny i terminy \u2013 po wcze\u015bniejszym telefonicznym uzgodnieniu.<\/p><table style=\"height: 262px; width: 86.0191%;\"><tbody><tr><td style=\"width: 42%;\"><iframe style=\"border: 0;\" src=\"https:\/\/www.google.com\/maps\/embed?pb=!1m18!1m12!1m3!1d840.3162424519265!2d14.539622851935734!3d53.43676240020663!2m3!1f0!2f0!3f0!3m2!1i1024!2i768!4f13.1!3m3!1m2!1s0x47aa09409d9ebb6f%3A0xe6dca94bc95e080f!2sMonte+Cassino+16%2C+Szczecin!5e0!3m2!1spl!2spl!4v1486981916987\" width=\"450\" height=\"300\" frameborder=\"0\" allowfullscreen=\"allowfullscreen\"><\/iframe><\/td><td style=\"width: 42.0191%;\"><iframe style=\"border: 0;\" src=\"https:\/\/www.google.com\/maps\/embed?pb=!1m0!3m2!1spl!2spl!4v1486982177999!6m8!1m7!1sDCDZ990v4BL8lts88GIl0g!2m2!1d53.43665511584376!2d14.54069100524595!3f67.66072038365483!4f-2.2933721058378183!5f1.1924812503605782\" width=\"450\" height=\"300\" frameborder=\"0\" allowfullscreen=\"allowfullscreen\"><\/iframe><\/td><\/tr><\/tbody><\/table>","_et_gb_content_width":"","footnotes":""},"class_list":["post-182","page","type-page","status-publish","hentry"],"aioseo_notices":[],"_links":{"self":[{"href":"https:\/\/gorska-notariusz.pl\/index.php?rest_route=\/wp\/v2\/pages\/182","targetHints":{"allow":["GET"]}}],"collection":[{"href":"https:\/\/gorska-notariusz.pl\/index.php?rest_route=\/wp\/v2\/pages"}],"about":[{"href":"https:\/\/gorska-notariusz.pl\/index.php?rest_route=\/wp\/v2\/types\/page"}],"author":[{"embeddable":true,"href":"https:\/\/gorska-notariusz.pl\/index.php?rest_route=\/wp\/v2\/users\/1"}],"replies":[{"embeddable":true,"href":"https:\/\/gorska-notariusz.pl\/index.php?rest_route=%2Fwp%2Fv2%2Fcomments&post=182"}],"version-history":[{"count":39,"href":"https:\/\/gorska-notariusz.pl\/index.php?rest_route=\/wp\/v2\/pages\/182\/revisions"}],"predecessor-version":[{"id":484,"href":"https:\/\/gorska-notariusz.pl\/index.php?rest_route=\/wp\/v2\/pages\/182\/revisions\/484"}],"wp:attachment":[{"href":"https:\/\/gorska-notariusz.pl\/index.php?rest_route=%2Fwp%2Fv2%2Fmedia&parent=182"}],"curies":[{"name":"wp","href":"https:\/\/api.w.org\/{rel}","templated":true}]}}