{"id":21,"date":"2017-01-30T11:31:32","date_gmt":"2017-01-30T11:31:32","guid":{"rendered":"http:\/\/gorska-notariusz.pl\/?page_id=21"},"modified":"2025-04-25T13:08:28","modified_gmt":"2025-04-25T13:08:28","slug":"test","status":"publish","type":"page","link":"https:\/\/gorska-notariusz.pl\/?page_id=21","title":{"rendered":"O Kancelarii"},"content":{"rendered":"<p>[et_pb_section fb_built=&#8221;1&#8243; fullwidth=&#8221;on&#8221; _builder_version=&#8221;3.22&#8243; custom_padding=&#8221;0px|||&#8221; transparent_background=&#8221;off&#8221; make_fullwidth=&#8221;off&#8221; use_custom_width=&#8221;off&#8221; width_unit=&#8221;on&#8221;][et_pb_fullwidth_image src=&#8221;\/wp-content\/uploads\/2017\/02\/logong-pioro-prawa.jpg&#8221; _builder_version=&#8221;3.19.12&#8243; animation_style=&#8221;slide&#8221; animation_direction=&#8221;left&#8221; animation_duration=&#8221;500ms&#8221; animation_intensity_slide=&#8221;10%&#8221; use_border_color=&#8221;off&#8221;]<br \/>\n[\/et_pb_fullwidth_image][\/et_pb_section][et_pb_section fb_built=&#8221;1&#8243; admin_label=&#8221;section&#8221; _builder_version=&#8221;3.22&#8243;][et_pb_row admin_label=&#8221;row&#8221; _builder_version=&#8221;3.25&#8243; background_size=&#8221;initial&#8221; background_position=&#8221;top_left&#8221; background_repeat=&#8221;repeat&#8221;][et_pb_column type=&#8221;4_4&#8243; _builder_version=&#8221;3.25&#8243; custom_padding=&#8221;|||&#8221; custom_padding__hover=&#8221;|||&#8221;][et_pb_text disabled_on=&#8221;off|off|off&#8221; _builder_version=&#8221;3.27.4&#8243; background_size=&#8221;initial&#8221; background_position=&#8221;top_left&#8221; background_repeat=&#8221;repeat&#8221; text_orientation=&#8221;justified&#8221; max_width=&#8221;1000px&#8221; custom_margin=&#8221;10px|10px|10px|10px&#8221; use_border_color=&#8221;off&#8221; border_color=&#8221;#ffffff&#8221; border_style=&#8221;solid&#8221;]<\/p>\n<p><strong>Kancelaria Notarialna Notariusz Ewy G\u00f3rskiej w Szczecinie<\/strong>, rozpocz\u0119\u0142a dzia\u0142alno\u015b\u0107 w lutym 2017 roku, po odbyciu przez Ew\u0119 G\u00f3rsk\u0105 aplikacji, asesury notarialnej i mianowaniu w grudniu 2016 roku do pe\u0142nienia funkcji notariusza w Szczecinie. Kancelaria zapewnia Klientom bezpiecze\u0144stwo prawne, poufno\u015b\u0107, solidno\u015b\u0107 i terminowo\u015b\u0107.<\/p>\n<p>Kancelaria czynna jest od poniedzia\u0142ku do pi\u0105tku w godzinach 09:00 \u2013 16:00, a po\u00a0wcze\u015bniejszym uzgodnieniu, istnieje mo\u017cliwo\u015b\u0107 dokonania czynno\u015bci w innych godzinach.<\/p>\n<p>Jednocze\u015bnie informujemy, i\u017c w przypadku, gdy przemawia za tym szczeg\u00f3lny charakter czynno\u015bci lub szczeg\u00f3lne okoliczno\u015bci (np. z\u0142y stan zdrowia Klienta), czynno\u015bci mog\u0105 by\u0107 r\u00f3wnie\u017c dokonywane poza siedzib\u0105 Kancelarii.<\/p>\n<p>[\/et_pb_text][\/et_pb_column][\/et_pb_row][\/et_pb_section]<\/p>\n","protected":false},"excerpt":{"rendered":"<p>[et_pb_section fb_built=&#8221;1&#8243; fullwidth=&#8221;on&#8221; _builder_version=&#8221;3.22&#8243; custom_padding=&#8221;0px|||&#8221; transparent_background=&#8221;off&#8221; make_fullwidth=&#8221;off&#8221; use_custom_width=&#8221;off&#8221; width_unit=&#8221;on&#8221;][et_pb_fullwidth_image src=&#8221;\/wp-content\/uploads\/2017\/02\/logong-pioro-prawa.jpg&#8221; _builder_version=&#8221;3.19.12&#8243; animation_style=&#8221;slide&#8221; animation_direction=&#8221;left&#8221; animation_duration=&#8221;500ms&#8221; animation_intensity_slide=&#8221;10%&#8221; use_border_color=&#8221;off&#8221;] [\/et_pb_fullwidth_image][\/et_pb_section][et_pb_section fb_built=&#8221;1&#8243; admin_label=&#8221;section&#8221; _builder_version=&#8221;3.22&#8243;][et_pb_row admin_label=&#8221;row&#8221; _builder_version=&#8221;3.25&#8243; background_size=&#8221;initial&#8221; background_position=&#8221;top_left&#8221; background_repeat=&#8221;repeat&#8221;][et_pb_column type=&#8221;4_4&#8243; _builder_version=&#8221;3.25&#8243; custom_padding=&#8221;|||&#8221; custom_padding__hover=&#8221;|||&#8221;][et_pb_text disabled_on=&#8221;off|off|off&#8221; _builder_version=&#8221;3.27.4&#8243; background_size=&#8221;initial&#8221; background_position=&#8221;top_left&#8221; background_repeat=&#8221;repeat&#8221; text_orientation=&#8221;justified&#8221; max_width=&#8221;1000px&#8221; custom_margin=&#8221;10px|10px|10px|10px&#8221; use_border_color=&#8221;off&#8221; border_color=&#8221;#ffffff&#8221; border_style=&#8221;solid&#8221;] Kancelaria Notarialna Notariusz Ewy G\u00f3rskiej w Szczecinie, rozpocz\u0119\u0142a dzia\u0142alno\u015b\u0107 w lutym 2017 roku, po odbyciu [&hellip;]<\/p>\n","protected":false},"author":1,"featured_media":0,"parent":0,"menu_order":0,"comment_status":"closed","ping_status":"closed","template":"","meta":{"_et_pb_use_builder":"on","_et_pb_old_content":"","_et_gb_content_width":"","footnotes":""},"class_list":["post-21","page","type-page","status-publish","hentry"],"aioseo_notices":[],"_links":{"self":[{"href":"https:\/\/gorska-notariusz.pl\/index.php?rest_route=\/wp\/v2\/pages\/21","targetHints":{"allow":["GET"]}}],"collection":[{"href":"https:\/\/gorska-notariusz.pl\/index.php?rest_route=\/wp\/v2\/pages"}],"about":[{"href":"https:\/\/gorska-notariusz.pl\/index.php?rest_route=\/wp\/v2\/types\/page"}],"author":[{"embeddable":true,"href":"https:\/\/gorska-notariusz.pl\/index.php?rest_route=\/wp\/v2\/users\/1"}],"replies":[{"embeddable":true,"href":"https:\/\/gorska-notariusz.pl\/index.php?rest_route=%2Fwp%2Fv2%2Fcomments&post=21"}],"version-history":[{"count":14,"href":"https:\/\/gorska-notariusz.pl\/index.php?rest_route=\/wp\/v2\/pages\/21\/revisions"}],"predecessor-version":[{"id":488,"href":"https:\/\/gorska-notariusz.pl\/index.php?rest_route=\/wp\/v2\/pages\/21\/revisions\/488"}],"wp:attachment":[{"href":"https:\/\/gorska-notariusz.pl\/index.php?rest_route=%2Fwp%2Fv2%2Fmedia&parent=21"}],"curies":[{"name":"wp","href":"https:\/\/api.w.org\/{rel}","templated":true}]}}