{"id":43,"date":"2017-01-30T12:55:05","date_gmt":"2017-01-30T12:55:05","guid":{"rendered":"http:\/\/gorska-notariusz.pl\/?page_id=43"},"modified":"2019-02-08T12:29:21","modified_gmt":"2019-02-08T12:29:21","slug":"main","status":"publish","type":"page","link":"https:\/\/gorska-notariusz.pl\/","title":{"rendered":"Witamy"},"content":{"rendered":"<p>[et_pb_section bb_built=&#8221;1&#8243; fullwidth=&#8221;on&#8221; specialty=&#8221;off&#8221; transparent_background=&#8221;off&#8221; allow_player_pause=&#8221;off&#8221; inner_shadow=&#8221;off&#8221; parallax=&#8221;off&#8221; parallax_method=&#8221;off&#8221; custom_padding=&#8221;0px|||&#8221; make_fullwidth=&#8221;off&#8221; use_custom_width=&#8221;off&#8221; width_unit=&#8221;on&#8221; make_equal=&#8221;off&#8221; use_custom_gutter=&#8221;off&#8221; prev_background_color=&#8221;#000000&#8243; next_background_color=&#8221;#ffffff&#8221;][et_pb_fullwidth_image src=&#8221;\/wp-content\/uploads\/2017\/02\/logong-pioro-prawa.jpg&#8221; use_border_color=&#8221;off&#8221; animation_style=&#8221;slide&#8221; animation_duration=&#8221;500ms&#8221; animation_intensity_slide=&#8221;10%&#8221; animation_direction=&#8221;left&#8221; _builder_version=&#8221;3.19.12&#8243;]<\/p>\n<p><\/p>\n<p>[\/et_pb_fullwidth_image][\/et_pb_section][et_pb_section bb_built=&#8221;1&#8243; admin_label=&#8221;section&#8221; transparent_background=&#8221;off&#8221; allow_player_pause=&#8221;off&#8221; inner_shadow=&#8221;off&#8221; parallax=&#8221;off&#8221; parallax_method=&#8221;on&#8221; make_fullwidth=&#8221;off&#8221; use_custom_width=&#8221;off&#8221; width_unit=&#8221;off&#8221; make_equal=&#8221;off&#8221; use_custom_gutter=&#8221;off&#8221; fullwidth=&#8221;off&#8221; specialty=&#8221;off&#8221; disabled_on=&#8221;off|off|off&#8221; disabled=&#8221;off&#8221; prev_background_color=&#8221;#ffffff&#8221; next_background_color=&#8221;#000000&#8243;][et_pb_row admin_label=&#8221;row&#8221; make_fullwidth=&#8221;off&#8221; use_custom_width=&#8221;on&#8221; width_unit=&#8221;on&#8221; use_custom_gutter=&#8221;off&#8221; custom_padding=&#8221;51px|0px|27px|0px&#8221; allow_player_pause=&#8221;off&#8221; parallax=&#8221;off&#8221; parallax_method=&#8221;on&#8221; make_equal=&#8221;off&#8221; parallax_1=&#8221;off&#8221; parallax_method_1=&#8221;on&#8221; parallax_2=&#8221;off&#8221; parallax_method_2=&#8221;on&#8221; parallax_3=&#8221;off&#8221; parallax_method_3=&#8221;on&#8221; parallax_4=&#8221;off&#8221; parallax_method_4=&#8221;on&#8221; disabled=&#8221;off&#8221; background_position=&#8221;top_left&#8221; background_repeat=&#8221;repeat&#8221; background_size=&#8221;initial&#8221;][et_pb_column type=&#8221;4_4&#8243;][et_pb_text background_layout=&#8221;light&#8221; text_orientation=&#8221;left&#8221; disabled_on=&#8221;off|off|off&#8221; use_border_color=&#8221;off&#8221; border_style=&#8221;solid&#8221; disabled=&#8221;off&#8221; border_color=&#8221;#ffffff&#8221; background_position=&#8221;top_left&#8221; background_repeat=&#8221;repeat&#8221; background_size=&#8221;initial&#8221;]<\/p>\n<p>\n<strong>Witamy na stronie internetowej Notariusz Ewy G\u00f3rskiej w Szczecinie.<\/strong><\/p>\n<p>Notariusz Ewa G\u00f3rska ka\u017cd\u0105 ze spraw traktuje indywidualnie, wskazuj\u0105c &#8211; po szczeg\u00f3\u0142owej analizie stanu prawnego &#8211; optymalne rozwi\u0105zania zgodne z obowi\u0105zuj\u0105cymi przepisami, maj\u0105ce na celu uzyskanie po\u017c\u0105danego przez Klienta skutku prawnego.<\/p>\n<p>Notariusz dok\u0142ada staranno\u015bci, aby zawierane umowy notarialne oraz inne czynno\u015bci by\u0142y zgodne z obowi\u0105zuj\u0105cymi przepisami prawa i zabezpiecza\u0142y interesy Stron oraz innych os\u00f3b, dla kt\u00f3rych mog\u0105 one powodowa\u0107 skutki prawne oraz dba o to, by akty notarialne by\u0142y sporz\u0105dzane w spos\u00f3b jasny, przejrzysty i zrozumia\u0142y.<\/p>\n<p>W kancelarii zosta\u0142a przewidziana mo\u017cliwo\u015b\u0107 wy\u015bwietlania na ekranie tre\u015bci odczytywanych akt\u00f3w notarialnych i wpis\u00f3w w elektronicznych ksi\u0119gach wieczystych. Zmiany wprowadzane s\u0105 w nich z udzia\u0142em Stron na bie\u017c\u0105co.<\/p>\n<p>Na \u017cyczenie Klient\u00f3w Notariusz sporz\u0105dza projekt aktu notarialnego, z kt\u00f3rym Strony mog\u0105 zapozna\u0107 si\u0119 przed dokonaniem czynno\u015bci.<\/p>\n<p>Co do zasady czynno\u015bci notarialnych dokonuje si\u0119 w j\u0119zyku polskim, jednak\u017ce na \u017c\u0105danie Strony Notariusz mo\u017ce dokona\u0107 dodatkowo tej czynno\u015bci w j\u0119zyku obcym, korzystaj\u0105c z pomocy t\u0142umacza przysi\u0119g\u0142ego.<\/p>\n<p>Notariusz udzieli Pa\u0144stwu wyczerpuj\u0105cych\u00a0 i bezp\u0142atnych informacji w zakresie mo\u017cliwo\u015bci prawnych dokonywanych czynno\u015bci, dokument\u00f3w niezb\u0119dnych do\u00a0sporz\u0105dzenia aktu notarialnego, wysoko\u015bci taksy notarialnej oraz\u00a0podatk\u00f3w i op\u0142at, kt\u00f3rych obowi\u0105zek pobrania spoczywa na Notariuszu. W tym celu wskazany jest kontakt z Kancelari\u0105 w dogodny dla Pa\u0144stwa spos\u00f3b: mailowo, telefonicznie b\u0105d\u017a osobi\u015bcie.<\/p>\n<p><strong>Serdecznie zapraszamy.<\/strong><\/p>\n<p>[\/et_pb_text][\/et_pb_column][\/et_pb_row][\/et_pb_section]<\/p>\n","protected":false},"excerpt":{"rendered":"<p>[et_pb_section bb_built=&#8221;1&#8243; fullwidth=&#8221;on&#8221; specialty=&#8221;off&#8221; transparent_background=&#8221;off&#8221; allow_player_pause=&#8221;off&#8221; inner_shadow=&#8221;off&#8221; parallax=&#8221;off&#8221; parallax_method=&#8221;off&#8221; custom_padding=&#8221;0px|||&#8221; make_fullwidth=&#8221;off&#8221; use_custom_width=&#8221;off&#8221; width_unit=&#8221;on&#8221; make_equal=&#8221;off&#8221; use_custom_gutter=&#8221;off&#8221; prev_background_color=&#8221;#000000&#8243; next_background_color=&#8221;#ffffff&#8221;][et_pb_fullwidth_image src=&#8221;\/wp-content\/uploads\/2017\/02\/logong-pioro-prawa.jpg&#8221; use_border_color=&#8221;off&#8221; animation_style=&#8221;slide&#8221; animation_duration=&#8221;500ms&#8221; animation_intensity_slide=&#8221;10%&#8221; animation_direction=&#8221;left&#8221; _builder_version=&#8221;3.19.12&#8243;] [\/et_pb_fullwidth_image][\/et_pb_section][et_pb_section bb_built=&#8221;1&#8243; admin_label=&#8221;section&#8221; transparent_background=&#8221;off&#8221; allow_player_pause=&#8221;off&#8221; inner_shadow=&#8221;off&#8221; parallax=&#8221;off&#8221; parallax_method=&#8221;on&#8221; make_fullwidth=&#8221;off&#8221; use_custom_width=&#8221;off&#8221; width_unit=&#8221;off&#8221; make_equal=&#8221;off&#8221; use_custom_gutter=&#8221;off&#8221; fullwidth=&#8221;off&#8221; specialty=&#8221;off&#8221; disabled_on=&#8221;off|off|off&#8221; disabled=&#8221;off&#8221; prev_background_color=&#8221;#ffffff&#8221; next_background_color=&#8221;#000000&#8243;][et_pb_row admin_label=&#8221;row&#8221; make_fullwidth=&#8221;off&#8221; use_custom_width=&#8221;on&#8221; width_unit=&#8221;on&#8221; use_custom_gutter=&#8221;off&#8221; custom_padding=&#8221;51px|0px|27px|0px&#8221; allow_player_pause=&#8221;off&#8221; parallax=&#8221;off&#8221; parallax_method=&#8221;on&#8221; make_equal=&#8221;off&#8221; parallax_1=&#8221;off&#8221; parallax_method_1=&#8221;on&#8221; [&hellip;]<\/p>\n","protected":false},"author":1,"featured_media":0,"parent":0,"menu_order":0,"comment_status":"closed","ping_status":"closed","template":"","meta":{"_et_pb_use_builder":"on","_et_pb_old_content":"","_et_gb_content_width":"","footnotes":""},"class_list":["post-43","page","type-page","status-publish","hentry"],"aioseo_notices":[],"_links":{"self":[{"href":"https:\/\/gorska-notariusz.pl\/index.php?rest_route=\/wp\/v2\/pages\/43","targetHints":{"allow":["GET"]}}],"collection":[{"href":"https:\/\/gorska-notariusz.pl\/index.php?rest_route=\/wp\/v2\/pages"}],"about":[{"href":"https:\/\/gorska-notariusz.pl\/index.php?rest_route=\/wp\/v2\/types\/page"}],"author":[{"embeddable":true,"href":"https:\/\/gorska-notariusz.pl\/index.php?rest_route=\/wp\/v2\/users\/1"}],"replies":[{"embeddable":true,"href":"https:\/\/gorska-notariusz.pl\/index.php?rest_route=%2Fwp%2Fv2%2Fcomments&post=43"}],"version-history":[{"count":23,"href":"https:\/\/gorska-notariusz.pl\/index.php?rest_route=\/wp\/v2\/pages\/43\/revisions"}],"predecessor-version":[{"id":460,"href":"https:\/\/gorska-notariusz.pl\/index.php?rest_route=\/wp\/v2\/pages\/43\/revisions\/460"}],"wp:attachment":[{"href":"https:\/\/gorska-notariusz.pl\/index.php?rest_route=%2Fwp%2Fv2%2Fmedia&parent=43"}],"curies":[{"name":"wp","href":"https:\/\/api.w.org\/{rel}","templated":true}]}}