{"id":444,"date":"2018-10-15T10:39:28","date_gmt":"2018-10-15T10:39:28","guid":{"rendered":"http:\/\/gorska-notariusz.pl\/?page_id=444"},"modified":"2019-02-08T12:29:32","modified_gmt":"2019-02-08T12:29:32","slug":"rodo","status":"publish","type":"page","link":"https:\/\/gorska-notariusz.pl\/?page_id=444","title":{"rendered":"RODO"},"content":{"rendered":"<p>[et_pb_section bb_built=&#8221;1&#8243; fullwidth=&#8221;on&#8221; specialty=&#8221;off&#8221; transparent_background=&#8221;off&#8221; allow_player_pause=&#8221;off&#8221; inner_shadow=&#8221;off&#8221; parallax=&#8221;off&#8221; parallax_method=&#8221;off&#8221; custom_padding=&#8221;0px|||&#8221; make_fullwidth=&#8221;off&#8221; use_custom_width=&#8221;off&#8221; width_unit=&#8221;on&#8221; make_equal=&#8221;off&#8221; use_custom_gutter=&#8221;off&#8221; prev_background_color=&#8221;#000000&#8243; next_background_color=&#8221;#ffffff&#8221;][et_pb_fullwidth_image src=&#8221;\/wp-content\/uploads\/2017\/02\/logong-pioro-prawa.jpg&#8221; use_border_color=&#8221;off&#8221; animation_style=&#8221;slide&#8221; animation_duration=&#8221;500ms&#8221; animation_intensity_slide=&#8221;10%&#8221; animation_direction=&#8221;left&#8221; _builder_version=&#8221;3.19.12&#8243;]<\/p>\n<p><\/p>\n<p>[\/et_pb_fullwidth_image][\/et_pb_section][et_pb_section bb_built=&#8221;1&#8243; admin_label=&#8221;section&#8221; prev_background_color=&#8221;#000000&#8243;][et_pb_row admin_label=&#8221;row&#8221; background_position=&#8221;top_left&#8221; background_repeat=&#8221;repeat&#8221; background_size=&#8221;initial&#8221;][et_pb_column type=&#8221;4_4&#8243;][et_pb_text background_layout=&#8221;light&#8221; text_orientation=&#8221;left&#8221; use_border_color=&#8221;off&#8221; border_color=&#8221;#ffffff&#8221; border_style=&#8221;solid&#8221; background_position=&#8221;top_left&#8221; background_repeat=&#8221;repeat&#8221; background_size=&#8221;initial&#8221;]<\/p>\n<h1>RODO<\/h1>\n<ol>\n<li>Notariusz Ewa G\u00f3rska, prowadz\u0105ca kancelari\u0119 notarialn\u0105 w Szczecinie, przy ul. Monte Cassino 16\/4 otrzyma\u0142a od Pa\u0144stwa informacje stanowi\u0105ce dane osobowe. B\u0119dzie z nich korzysta\u0142a wy\u0142\u0105cznie do cel\u00f3w zwi\u0105zanych z realizacj\u0105 czynno\u015bci notarialnych podejmowanych na Pa\u0144stwa \u017cyczenie. B\u0119dzie ich r\u00f3wnie\u017c u\u017cywa\u0142a w ramach wykonywania obowi\u0105zk\u00f3w wynikaj\u0105cych z odr\u0119bnych przepis\u00f3w zwi\u0105zanych z tymi czynno\u015bciami (np. pobranie op\u0142at s\u0105dowych i podatku).<\/li>\n<li>Dzia\u0142ania Notariusza podejmowane s\u0105 na podstawie przepis\u00f3w prawa nak\u0142adaj\u0105cych na ni\u0105 obowi\u0105zki zwi\u0105zane z wykonywan\u0105 funkcj\u0105 i zadaniami (spe\u0142nia to wymogi art. 6 ust. 1 lit. b i e oraz art. 9 ust. 2 lit. g, f oraz j Og\u00f3lnego Rozporz\u0105dzenia o Ochronie Danych 2016\/679 &#8211; RODO).<\/li>\n<li>Szczeg\u00f3\u0142owy zakres obowi\u0105zk\u00f3w Notariusza definiuj\u0105 przepisy prawa powszechnie obowi\u0105zuj\u0105cego, a zw\u0142aszcza ustawa z dnia 14 lutego 1991 r.\u2013 Prawo o notariacie, t.j. Dz. U. z 2017 r. poz. 2291 z p\u00f3\u017an. zm.<\/li>\n<li>Notariusz przekazywa\u0142a b\u0119dzie Pa\u0144stwa dane osobowe organom publicznym (np. s\u0105dom i organom skarbowym) w zakresie realizacji obowi\u0105zk\u00f3w prawnych.<\/li>\n<li>Notariusz ma obowi\u0105zek prawny przechowywania Pa\u0144stwa danych osobowych przez okres 10 lat od momentu zako\u0144czenia czynno\u015bci notarialnej, w zwi\u0105zku z kt\u00f3r\u0105 otrzyma\u0142a te dane.<\/li>\n<li>Informacje stanowi\u0105ce Pa\u0144stwa dane osobowe s\u0105 wykorzystywane przez Notariusza w zwi\u0105zku z istniej\u0105cymi wymogami ustawowymi. Oznacza to, \u017ce maj\u0105 Pa\u0144stwo obowi\u0105zek podania danych osobowych niezb\u0119dnych do prawid\u0142owego (zgodnego z prawem) wykonania czynno\u015bci notarialnych. Odmowa przekazania tych informacji Notariuszowi uniemo\u017cliwia przeprowadzenie czynno\u015bci notarialnych.<\/li>\n<li>Zgodnie z obowi\u0105zuj\u0105cym prawem maj\u0105 Pa\u0144stwo mo\u017cliwo\u015b\u0107 dost\u0119pu do informacji stanowi\u0105cych Pa\u0144stwa dane osobowe. Mo\u017cecie Pa\u0144stwo r\u00f3wnie\u017c dokona\u0107 ich sprostowania lub za\u017c\u0105da\u0107 ich usuni\u0119cia, je\u017celi jest to przewidziane przez przepisy ustawy \u2013 Prawo o notariacie.<\/li>\n<li>Je\u017celi b\u0119d\u0105 Pa\u0144stwo mieli pytania lub w\u0105tpliwo\u015bci zwi\u0105zane z dzia\u0142aniami Notariusza, kt\u00f3re dotycz\u0105 informacji b\u0119d\u0105cych Pa\u0144stwa danymi osobowymi mog\u0105 Pa\u0144stwo przes\u0142a\u0107 je na adres poczty elektronicznej: <a href=\"mailto:elektronicznej%3Akancelaria@gorska-notariusz.pl\" target=\"_blank\" rel=\"noopener\">kancelaria@<wbr \/>gorska-notariusz.pl<\/a><\/li>\n<li>Je\u017celi b\u0119d\u0105 Pa\u0144stwo mieli zastrze\u017cenia zwi\u0105zane z dzia\u0142aniami Notariusza, kt\u00f3re dotyczy\u0107 b\u0119d\u0105 informacji b\u0119d\u0105cych Pa\u0144stwa danymi osobowymi, mog\u0105 Pa\u0144stwo zwr\u00f3ci\u0107 si\u0119 ze skarg\u0105 do Prezesa Urz\u0119du Ochrony Danych Osobowych.<\/li>\n<\/ol>\n<p>[\/et_pb_text][\/et_pb_column][\/et_pb_row][\/et_pb_section]<\/p>\n","protected":false},"excerpt":{"rendered":"<p>[et_pb_section bb_built=&#8221;1&#8243; fullwidth=&#8221;on&#8221; specialty=&#8221;off&#8221; transparent_background=&#8221;off&#8221; allow_player_pause=&#8221;off&#8221; inner_shadow=&#8221;off&#8221; parallax=&#8221;off&#8221; parallax_method=&#8221;off&#8221; custom_padding=&#8221;0px|||&#8221; make_fullwidth=&#8221;off&#8221; use_custom_width=&#8221;off&#8221; width_unit=&#8221;on&#8221; make_equal=&#8221;off&#8221; use_custom_gutter=&#8221;off&#8221; prev_background_color=&#8221;#000000&#8243; next_background_color=&#8221;#ffffff&#8221;][et_pb_fullwidth_image src=&#8221;\/wp-content\/uploads\/2017\/02\/logong-pioro-prawa.jpg&#8221; use_border_color=&#8221;off&#8221; animation_style=&#8221;slide&#8221; animation_duration=&#8221;500ms&#8221; animation_intensity_slide=&#8221;10%&#8221; animation_direction=&#8221;left&#8221; _builder_version=&#8221;3.19.12&#8243;] [\/et_pb_fullwidth_image][\/et_pb_section][et_pb_section bb_built=&#8221;1&#8243; admin_label=&#8221;section&#8221; prev_background_color=&#8221;#000000&#8243;][et_pb_row admin_label=&#8221;row&#8221; background_position=&#8221;top_left&#8221; background_repeat=&#8221;repeat&#8221; background_size=&#8221;initial&#8221;][et_pb_column type=&#8221;4_4&#8243;][et_pb_text background_layout=&#8221;light&#8221; text_orientation=&#8221;left&#8221; use_border_color=&#8221;off&#8221; border_color=&#8221;#ffffff&#8221; border_style=&#8221;solid&#8221; background_position=&#8221;top_left&#8221; background_repeat=&#8221;repeat&#8221; background_size=&#8221;initial&#8221;] RODO Notariusz Ewa G\u00f3rska, prowadz\u0105ca kancelari\u0119 notarialn\u0105 w Szczecinie, przy ul. Monte Cassino 16\/4 [&hellip;]<\/p>\n","protected":false},"author":1,"featured_media":0,"parent":0,"menu_order":0,"comment_status":"closed","ping_status":"closed","template":"","meta":{"_et_pb_use_builder":"on","_et_pb_old_content":"","_et_gb_content_width":"","footnotes":""},"class_list":["post-444","page","type-page","status-publish","hentry"],"aioseo_notices":[],"_links":{"self":[{"href":"https:\/\/gorska-notariusz.pl\/index.php?rest_route=\/wp\/v2\/pages\/444","targetHints":{"allow":["GET"]}}],"collection":[{"href":"https:\/\/gorska-notariusz.pl\/index.php?rest_route=\/wp\/v2\/pages"}],"about":[{"href":"https:\/\/gorska-notariusz.pl\/index.php?rest_route=\/wp\/v2\/types\/page"}],"author":[{"embeddable":true,"href":"https:\/\/gorska-notariusz.pl\/index.php?rest_route=\/wp\/v2\/users\/1"}],"replies":[{"embeddable":true,"href":"https:\/\/gorska-notariusz.pl\/index.php?rest_route=%2Fwp%2Fv2%2Fcomments&post=444"}],"version-history":[{"count":4,"href":"https:\/\/gorska-notariusz.pl\/index.php?rest_route=\/wp\/v2\/pages\/444\/revisions"}],"predecessor-version":[{"id":461,"href":"https:\/\/gorska-notariusz.pl\/index.php?rest_route=\/wp\/v2\/pages\/444\/revisions\/461"}],"wp:attachment":[{"href":"https:\/\/gorska-notariusz.pl\/index.php?rest_route=%2Fwp%2Fv2%2Fmedia&parent=444"}],"curies":[{"name":"wp","href":"https:\/\/api.w.org\/{rel}","templated":true}]}}