{"id":68,"date":"2017-01-30T13:29:14","date_gmt":"2017-01-30T13:29:14","guid":{"rendered":"http:\/\/gorska-notariusz.pl\/?page_id=68"},"modified":"2019-02-08T12:34:53","modified_gmt":"2019-02-08T12:34:53","slug":"oplaty","status":"publish","type":"page","link":"https:\/\/gorska-notariusz.pl\/?page_id=68","title":{"rendered":"Op\u0142aty"},"content":{"rendered":"<p>[et_pb_section bb_built=&#8221;1&#8243; fullwidth=&#8221;on&#8221; specialty=&#8221;off&#8221; transparent_background=&#8221;off&#8221; allow_player_pause=&#8221;off&#8221; inner_shadow=&#8221;off&#8221; parallax=&#8221;off&#8221; parallax_method=&#8221;off&#8221; custom_padding=&#8221;0px|||&#8221; make_fullwidth=&#8221;off&#8221; use_custom_width=&#8221;off&#8221; width_unit=&#8221;on&#8221; make_equal=&#8221;off&#8221; use_custom_gutter=&#8221;off&#8221; prev_background_color=&#8221;#000000&#8243; next_background_color=&#8221;#ffffff&#8221;][et_pb_fullwidth_image src=&#8221;\/wp-content\/uploads\/2017\/02\/logong-pioro-prawa.jpg&#8221; use_border_color=&#8221;off&#8221; animation_style=&#8221;slide&#8221; animation_duration=&#8221;500ms&#8221; animation_intensity_slide=&#8221;10%&#8221; animation_direction=&#8221;left&#8221; _builder_version=&#8221;3.19.12&#8243;]<\/p>\n<p>[\/et_pb_fullwidth_image][\/et_pb_section][et_pb_section bb_built=&#8221;1&#8243; admin_label=&#8221;section&#8221; prev_background_color=&#8221;#000000&#8243;][et_pb_row admin_label=&#8221;row&#8221; background_position=&#8221;top_left&#8221; background_repeat=&#8221;repeat&#8221; background_size=&#8221;initial&#8221;][et_pb_column type=&#8221;4_4&#8243;][et_pb_text background_position=&#8221;top_left&#8221; background_repeat=&#8221;repeat&#8221; background_size=&#8221;initial&#8221; _builder_version=&#8221;3.19.12&#8243;]<\/p>\n<p>Za wykonywane czynno\u015bci notarialne Notariusz pobiera wynagrodzenie zgodnie z Rozporz\u0105dzeniem Ministra Sprawiedliwo\u015bci z dnia 28 czerwca 2004 roku w sprawie maksymalnych stawek taksy notarialnej (Dz.U. 2004 nr 148 poz. 1564), powi\u0119kszone o nale\u017cny podatek VAT.<\/p>\n<p>Opr\u00f3cz taksy notarialnej Notariusz zobowi\u0105zany jest do pobrania nale\u017cnych podatk\u00f3w (podatek od czynno\u015bci cywilnoprawnych, podatek od spadk\u00f3w i darowizn) oraz op\u0142at s\u0105dowych, kt\u00f3re przekazuje na konta w\u0142a\u015bciwego Urz\u0119du Skarbowego i S\u0105du.<\/p>\n<p>W celu ustalenia wysoko\u015bci wszystkich op\u0142at za dan\u0105 czynno\u015b\u0107 notarialn\u0105\u2028 prosimy <a href=\"https:\/\/gorska-notariusz.pl\/?page_id=182\">o kontakt<\/a> z kancelari\u0105.<\/p>\n<p>[\/et_pb_text][\/et_pb_column][\/et_pb_row][\/et_pb_section]<\/p>\n","protected":false},"excerpt":{"rendered":"<p>[et_pb_section bb_built=&#8221;1&#8243; fullwidth=&#8221;on&#8221; specialty=&#8221;off&#8221; transparent_background=&#8221;off&#8221; allow_player_pause=&#8221;off&#8221; inner_shadow=&#8221;off&#8221; parallax=&#8221;off&#8221; parallax_method=&#8221;off&#8221; custom_padding=&#8221;0px|||&#8221; make_fullwidth=&#8221;off&#8221; use_custom_width=&#8221;off&#8221; width_unit=&#8221;on&#8221; make_equal=&#8221;off&#8221; use_custom_gutter=&#8221;off&#8221; prev_background_color=&#8221;#000000&#8243; next_background_color=&#8221;#ffffff&#8221;][et_pb_fullwidth_image src=&#8221;\/wp-content\/uploads\/2017\/02\/logong-pioro-prawa.jpg&#8221; use_border_color=&#8221;off&#8221; animation_style=&#8221;slide&#8221; animation_duration=&#8221;500ms&#8221; animation_intensity_slide=&#8221;10%&#8221; animation_direction=&#8221;left&#8221; _builder_version=&#8221;3.19.12&#8243;] [\/et_pb_fullwidth_image][\/et_pb_section][et_pb_section bb_built=&#8221;1&#8243; admin_label=&#8221;section&#8221; prev_background_color=&#8221;#000000&#8243;][et_pb_row admin_label=&#8221;row&#8221; background_position=&#8221;top_left&#8221; background_repeat=&#8221;repeat&#8221; background_size=&#8221;initial&#8221;][et_pb_column type=&#8221;4_4&#8243;][et_pb_text background_position=&#8221;top_left&#8221; background_repeat=&#8221;repeat&#8221; background_size=&#8221;initial&#8221; _builder_version=&#8221;3.19.12&#8243;] Za wykonywane czynno\u015bci notarialne Notariusz pobiera wynagrodzenie zgodnie z Rozporz\u0105dzeniem Ministra Sprawiedliwo\u015bci z dnia 28 czerwca 2004 roku [&hellip;]<\/p>\n","protected":false},"author":1,"featured_media":0,"parent":0,"menu_order":0,"comment_status":"closed","ping_status":"closed","template":"","meta":{"_et_pb_use_builder":"on","_et_pb_old_content":"<p>Za wykonywane czynno\u015bci notarialne Notariusz pobiera wynagrodzenie zgodnie z Rozporz\u0105dzeniem Ministra Sprawiedliwo\u015bci z dnia 28 czerwca 2004 roku w sprawie maksymalnych stawek taksy notarialnej (Dz.U. 2004 nr 148 poz. 1564), powi\u0119kszone o nale\u017cny podatek VAT.<\/p><p>Opr\u00f3cz taksy notarialnej Notariusz zobowi\u0105zany jest do pobrania nale\u017cnych podatk\u00f3w (podatek od czynno\u015bci cywilnoprawnych, podatek od spadk\u00f3w i darowizn) oraz op\u0142at s\u0105dowych, kt\u00f3re przekazuje na konta w\u0142a\u015bciwego Urz\u0119du Skarbowego i S\u0105du.<\/p><p>W celu ustalenia wysoko\u015bci wszystkich op\u0142at za dan\u0105 czynno\u015b\u0107 notarialn\u0105\u2028prosimy o kontakt z kancelari\u0105.<\/p>","_et_gb_content_width":"","footnotes":""},"class_list":["post-68","page","type-page","status-publish","hentry"],"aioseo_notices":[],"_links":{"self":[{"href":"https:\/\/gorska-notariusz.pl\/index.php?rest_route=\/wp\/v2\/pages\/68","targetHints":{"allow":["GET"]}}],"collection":[{"href":"https:\/\/gorska-notariusz.pl\/index.php?rest_route=\/wp\/v2\/pages"}],"about":[{"href":"https:\/\/gorska-notariusz.pl\/index.php?rest_route=\/wp\/v2\/types\/page"}],"author":[{"embeddable":true,"href":"https:\/\/gorska-notariusz.pl\/index.php?rest_route=\/wp\/v2\/users\/1"}],"replies":[{"embeddable":true,"href":"https:\/\/gorska-notariusz.pl\/index.php?rest_route=%2Fwp%2Fv2%2Fcomments&post=68"}],"version-history":[{"count":13,"href":"https:\/\/gorska-notariusz.pl\/index.php?rest_route=\/wp\/v2\/pages\/68\/revisions"}],"predecessor-version":[{"id":466,"href":"https:\/\/gorska-notariusz.pl\/index.php?rest_route=\/wp\/v2\/pages\/68\/revisions\/466"}],"wp:attachment":[{"href":"https:\/\/gorska-notariusz.pl\/index.php?rest_route=%2Fwp%2Fv2%2Fmedia&parent=68"}],"curies":[{"name":"wp","href":"https:\/\/api.w.org\/{rel}","templated":true}]}}